{"id":981,"date":"2026-01-27T18:35:36","date_gmt":"2026-01-27T17:35:36","guid":{"rendered":"https:\/\/sanyfontweb.i3data.es\/?post_type=product&#038;p=981"},"modified":"2026-01-27T18:35:36","modified_gmt":"2026-01-27T17:35:36","slug":"inodoro-completo-aquitania-inferior-r-soler","status":"publish","type":"product","link":"https:\/\/www.sanyfontentuhogar.com\/en\/product\/inodoro-completo-aquitania-inferior-r-soler\/","title":{"rendered":"Inodoro completo aquitania inferior r.soler"},"content":{"rendered":"<p data-start=\"288\" data-end=\"611\">El <strong data-start=\"291\" data-end=\"330\">inodoro completo Aquitania inferior<\/strong> es un conjunto sanitario dise\u00f1ado para instalaciones con <strong data-start=\"388\" data-end=\"407\">salida inferior<\/strong>, adecuado para ba\u00f1os residenciales y proyectos de renovaci\u00f3n. Presenta un <strong data-start=\"482\" data-end=\"517\">dise\u00f1o actual de l\u00edneas limpias<\/strong>, con cisterna y taza integradas visualmente, aportando una est\u00e9tica ordenada y contempor\u00e1nea.<\/p>\n<p data-start=\"613\" data-end=\"899\">Su acabado en <strong data-start=\"627\" data-end=\"643\">color blanco<\/strong> facilita la integraci\u00f3n con distintos estilos de ba\u00f1o. Al tratarse de un <strong data-start=\"717\" data-end=\"737\">inodoro completo<\/strong>, se suministra como conjunto listo para instalaci\u00f3n, tal como se aprecia en la imagen, lo que simplifica el proceso de sustituci\u00f3n frente a soluciones modulares.<\/p>\n<p data-start=\"901\" data-end=\"1115\">Una opci\u00f3n pr\u00e1ctica y equilibrada dentro de la gama de sanitarios de <strong data-start=\"970\" data-end=\"1011\"><span class=\"hover:entity-accent entity-underline inline cursor-pointer align-baseline\"><span class=\"whitespace-normal\">R. Soler<\/span><\/span><\/strong>, orientada a ofrecer funcionalidad, dise\u00f1o y una instalaci\u00f3n est\u00e1ndar en sistemas con desag\u00fce inferior.<\/p>","protected":false},"excerpt":{"rendered":"<p data-start=\"154\" data-end=\"255\">Inodoro completo Aquitania con salida inferior. Dise\u00f1o moderno en color blanco, funcional y compacto.<\/p>","protected":false},"featured_media":982,"comment_status":"open","ping_status":"closed","template":"","meta":[],"product_brand":[],"product_cat":[21],"product_tag":[],"class_list":{"0":"post-981","1":"product","2":"type-product","3":"status-publish","4":"has-post-thumbnail","6":"product_cat-sanitarios-recambios","8":"first","9":"instock","10":"taxable","11":"shipping-taxable","12":"purchasable","13":"product-type-simple"},"_links":{"self":[{"href":"https:\/\/www.sanyfontentuhogar.com\/en\/wp-json\/wp\/v2\/product\/981","targetHints":{"allow":["GET"]}}],"collection":[{"href":"https:\/\/www.sanyfontentuhogar.com\/en\/wp-json\/wp\/v2\/product"}],"about":[{"href":"https:\/\/www.sanyfontentuhogar.com\/en\/wp-json\/wp\/v2\/types\/product"}],"replies":[{"embeddable":true,"href":"https:\/\/www.sanyfontentuhogar.com\/en\/wp-json\/wp\/v2\/comments?post=981"}],"wp:featuredmedia":[{"embeddable":true,"href":"https:\/\/www.sanyfontentuhogar.com\/en\/wp-json\/wp\/v2\/media\/982"}],"wp:attachment":[{"href":"https:\/\/www.sanyfontentuhogar.com\/en\/wp-json\/wp\/v2\/media?parent=981"}],"wp:term":[{"taxonomy":"product_brand","embeddable":true,"href":"https:\/\/www.sanyfontentuhogar.com\/en\/wp-json\/wp\/v2\/product_brand?post=981"},{"taxonomy":"product_cat","embeddable":true,"href":"https:\/\/www.sanyfontentuhogar.com\/en\/wp-json\/wp\/v2\/product_cat?post=981"},{"taxonomy":"product_tag","embeddable":true,"href":"https:\/\/www.sanyfontentuhogar.com\/en\/wp-json\/wp\/v2\/product_tag?post=981"}],"curies":[{"name":"wp","href":"https:\/\/api.w.org\/{rel}","templated":true}]}}