{"id":979,"date":"2026-01-27T18:34:16","date_gmt":"2026-01-27T17:34:16","guid":{"rendered":"https:\/\/sanyfontweb.i3data.es\/?post_type=product&#038;p=979"},"modified":"2026-01-27T18:34:16","modified_gmt":"2026-01-27T17:34:16","slug":"bide-victoria-monobloc-blanco","status":"publish","type":"product","link":"https:\/\/www.sanyfontentuhogar.com\/en\/product\/bide-victoria-monobloc-blanco\/","title":{"rendered":"Bide victoria monobloc blanco"},"content":{"rendered":"<p data-start=\"299\" data-end=\"546\">El <strong data-start=\"302\" data-end=\"335\">bid\u00e9 Victoria monobloc blanco<\/strong> es una pieza sanitaria de dise\u00f1o cl\u00e1sico, pensada para integrarse f\u00e1cilmente en ba\u00f1os residenciales. Su formato <strong data-start=\"448\" data-end=\"460\">monobloc<\/strong> ofrece una est\u00e9tica continua y limpia, facilitando la instalaci\u00f3n y el mantenimiento.<\/p>\n<p data-start=\"548\" data-end=\"881\">Fabricado en <strong data-start=\"561\" data-end=\"599\">cer\u00e1mica sanitaria de color blanco<\/strong>, presenta l\u00edneas suaves y proporciones equilibradas, caracter\u00edsticas de la serie Victoria de <strong data-start=\"693\" data-end=\"734\"><span class=\"hover:entity-accent entity-underline inline cursor-pointer align-baseline\"><span class=\"whitespace-normal\">Roca<\/span><\/span><\/strong>. Es una opci\u00f3n adecuada tanto para nuevas instalaciones como para sustituci\u00f3n de bid\u00e9s existentes dentro de la misma gama o de dise\u00f1o equivalente.<\/p>\n<p data-start=\"883\" data-end=\"1014\">Un bid\u00e9 funcional y resistente, orientado a un uso diario y a mantener una coherencia est\u00e9tica con el resto de sanitarios del ba\u00f1o.<\/p>","protected":false},"excerpt":{"rendered":"<p data-start=\"168\" data-end=\"266\">Bid\u00e9 Victoria monobloc en color blanco. Dise\u00f1o cl\u00e1sico y funcional para ba\u00f1os de estilo atemporal.<\/p>","protected":false},"featured_media":980,"comment_status":"open","ping_status":"closed","template":"","meta":[],"product_brand":[],"product_cat":[21],"product_tag":[],"class_list":{"0":"post-979","1":"product","2":"type-product","3":"status-publish","4":"has-post-thumbnail","6":"product_cat-sanitarios-recambios","8":"first","9":"instock","10":"taxable","11":"shipping-taxable","12":"purchasable","13":"product-type-simple"},"_links":{"self":[{"href":"https:\/\/www.sanyfontentuhogar.com\/en\/wp-json\/wp\/v2\/product\/979","targetHints":{"allow":["GET"]}}],"collection":[{"href":"https:\/\/www.sanyfontentuhogar.com\/en\/wp-json\/wp\/v2\/product"}],"about":[{"href":"https:\/\/www.sanyfontentuhogar.com\/en\/wp-json\/wp\/v2\/types\/product"}],"replies":[{"embeddable":true,"href":"https:\/\/www.sanyfontentuhogar.com\/en\/wp-json\/wp\/v2\/comments?post=979"}],"wp:featuredmedia":[{"embeddable":true,"href":"https:\/\/www.sanyfontentuhogar.com\/en\/wp-json\/wp\/v2\/media\/980"}],"wp:attachment":[{"href":"https:\/\/www.sanyfontentuhogar.com\/en\/wp-json\/wp\/v2\/media?parent=979"}],"wp:term":[{"taxonomy":"product_brand","embeddable":true,"href":"https:\/\/www.sanyfontentuhogar.com\/en\/wp-json\/wp\/v2\/product_brand?post=979"},{"taxonomy":"product_cat","embeddable":true,"href":"https:\/\/www.sanyfontentuhogar.com\/en\/wp-json\/wp\/v2\/product_cat?post=979"},{"taxonomy":"product_tag","embeddable":true,"href":"https:\/\/www.sanyfontentuhogar.com\/en\/wp-json\/wp\/v2\/product_tag?post=979"}],"curies":[{"name":"wp","href":"https:\/\/api.w.org\/{rel}","templated":true}]}}