{"id":972,"date":"2026-01-27T18:28:04","date_gmt":"2026-01-27T17:28:04","guid":{"rendered":"https:\/\/sanyfontweb.i3data.es\/?post_type=product&#038;p=972"},"modified":"2026-01-27T18:28:53","modified_gmt":"2026-01-27T17:28:53","slug":"13148-tapa-wc-tipo-bellavista-stylo-amortiguada","status":"publish","type":"product","link":"https:\/\/www.sanyfontentuhogar.com\/en\/product\/13148-tapa-wc-tipo-bellavista-stylo-amortiguada\/","title":{"rendered":"13148 tapa wc tipo bellavista stylo amortiguada"},"content":{"rendered":"<p data-start=\"267\" data-end=\"534\">La <strong data-start=\"270\" data-end=\"318\">tapa de WC tipo Bellavista Stylo amortiguada<\/strong> est\u00e1 pensada para mejorar el confort y la seguridad en el uso diario del inodoro. Incorpora un <strong data-start=\"414\" data-end=\"447\">sistema de cierre amortiguado<\/strong>, que permite bajar la tapa de forma progresiva, evitando golpes y ruidos innecesarios.<\/p>\n<p data-start=\"536\" data-end=\"845\">Su <strong data-start=\"539\" data-end=\"569\">dise\u00f1o estilizado y actual<\/strong>, junto con el acabado en <strong data-start=\"595\" data-end=\"611\">color blanco<\/strong>, la convierte en una opci\u00f3n adecuada tanto para ba\u00f1os dom\u00e9sticos como para espacios de uso frecuente. Es una soluci\u00f3n pr\u00e1ctica como recambio o renovaci\u00f3n de sanitarios tipo Bellavista Stylo o modelos compatibles de forma equivalente.<\/p>\n<p data-start=\"847\" data-end=\"952\">Una tapa funcional y discreta que aporta mayor comodidad, durabilidad y un uso m\u00e1s silencioso en el ba\u00f1o.<\/p>","protected":false},"excerpt":{"rendered":"<p>Tapa de WC tipo Bellavista Stylo con sistema amortiguado para un cierre suave y silencioso. Dise\u00f1o blanco de l\u00edneas modernas.<\/p>","protected":false},"featured_media":974,"comment_status":"open","ping_status":"closed","template":"","meta":[],"product_brand":[],"product_cat":[21],"product_tag":[],"class_list":{"0":"post-972","1":"product","2":"type-product","3":"status-publish","4":"has-post-thumbnail","6":"product_cat-sanitarios-recambios","8":"first","9":"instock","10":"taxable","11":"shipping-taxable","12":"purchasable","13":"product-type-simple"},"_links":{"self":[{"href":"https:\/\/www.sanyfontentuhogar.com\/en\/wp-json\/wp\/v2\/product\/972","targetHints":{"allow":["GET"]}}],"collection":[{"href":"https:\/\/www.sanyfontentuhogar.com\/en\/wp-json\/wp\/v2\/product"}],"about":[{"href":"https:\/\/www.sanyfontentuhogar.com\/en\/wp-json\/wp\/v2\/types\/product"}],"replies":[{"embeddable":true,"href":"https:\/\/www.sanyfontentuhogar.com\/en\/wp-json\/wp\/v2\/comments?post=972"}],"wp:featuredmedia":[{"embeddable":true,"href":"https:\/\/www.sanyfontentuhogar.com\/en\/wp-json\/wp\/v2\/media\/974"}],"wp:attachment":[{"href":"https:\/\/www.sanyfontentuhogar.com\/en\/wp-json\/wp\/v2\/media?parent=972"}],"wp:term":[{"taxonomy":"product_brand","embeddable":true,"href":"https:\/\/www.sanyfontentuhogar.com\/en\/wp-json\/wp\/v2\/product_brand?post=972"},{"taxonomy":"product_cat","embeddable":true,"href":"https:\/\/www.sanyfontentuhogar.com\/en\/wp-json\/wp\/v2\/product_cat?post=972"},{"taxonomy":"product_tag","embeddable":true,"href":"https:\/\/www.sanyfontentuhogar.com\/en\/wp-json\/wp\/v2\/product_tag?post=972"}],"curies":[{"name":"wp","href":"https:\/\/api.w.org\/{rel}","templated":true}]}}