{"id":1185,"date":"2026-02-09T01:22:25","date_gmt":"2026-02-09T00:22:25","guid":{"rendered":"https:\/\/www.sanyfontentuhogar.com\/?post_type=product&#038;p=1185"},"modified":"2026-02-09T01:36:38","modified_gmt":"2026-02-09T00:36:38","slug":"codo-pvc-h-h-doble-toma-87","status":"publish","type":"product","link":"https:\/\/www.sanyfontentuhogar.com\/en\/product\/codo-pvc-h-h-doble-toma-87\/","title":{"rendered":"Codo PVC H-H doble toma 87\u00b0"},"content":{"rendered":"<p data-start=\"567\" data-end=\"846\">El <strong data-start=\"570\" data-end=\"601\">codo PVC H-H doble toma 87\u00b0<\/strong> es un accesorio utilizado en instalaciones de saneamiento dom\u00e9stico para realizar cambios de direcci\u00f3n y derivaciones de forma segura. Fabricado en PVC, ofrece una conexi\u00f3n fiable y compatible con sistemas de evacuaci\u00f3n habituales en viviendas.<\/p>\n<p data-start=\"848\" data-end=\"1125\">Su dise\u00f1o con doble toma permite facilitar la conexi\u00f3n de ramales adicionales, siendo especialmente \u00fatil en instalaciones de desag\u00fce de ba\u00f1os, cocinas y zonas t\u00e9cnicas. Es una soluci\u00f3n pr\u00e1ctica tanto para nuevas instalaciones como para reparaciones o sustituciones en el hogar.<\/p>\n<ul>\n<li data-start=\"1149\" data-end=\"1171\">\n<p data-start=\"1151\" data-end=\"1171\">Accesorio de <strong data-start=\"1164\" data-end=\"1171\">PVC<\/strong><\/p>\n<\/li>\n<li data-start=\"1172\" data-end=\"1190\">\n<p data-start=\"1174\" data-end=\"1190\">Conexi\u00f3n <strong data-start=\"1183\" data-end=\"1190\">H-H<\/strong><\/p>\n<\/li>\n<li data-start=\"1191\" data-end=\"1207\">\n<p data-start=\"1193\" data-end=\"1207\"><strong data-start=\"1193\" data-end=\"1207\">Doble toma<\/strong><\/p>\n<\/li>\n<li data-start=\"1208\" data-end=\"1227\">\n<p data-start=\"1210\" data-end=\"1227\">\u00c1ngulo de <strong data-start=\"1220\" data-end=\"1227\">87\u00b0<\/strong><\/p>\n<\/li>\n<li data-start=\"1228\" data-end=\"1243\">\n<p data-start=\"1230\" data-end=\"1243\">Uso dom\u00e9stico<\/p>\n<\/li>\n<li data-start=\"1244\" data-end=\"1289\">\n<p data-start=\"1246\" data-end=\"1289\">\n<\/li>\n<\/ul>","protected":false},"excerpt":{"rendered":"<p>Codo de PVC H-H con doble toma y \u00e1ngulo de 87\u00b0, dise\u00f1ado para cambios de direcci\u00f3n y derivaciones en instalaciones dom\u00e9sticas de saneamiento.<\/p>","protected":false},"featured_media":0,"comment_status":"open","ping_status":"closed","template":"","meta":[],"product_brand":[],"product_cat":[28],"product_tag":[],"class_list":{"0":"post-1185","1":"product","2":"type-product","3":"status-publish","5":"product_cat-tuberias-conexiones","7":"first","8":"instock","9":"taxable","10":"shipping-taxable","11":"purchasable","12":"product-type-simple"},"_links":{"self":[{"href":"https:\/\/www.sanyfontentuhogar.com\/en\/wp-json\/wp\/v2\/product\/1185","targetHints":{"allow":["GET"]}}],"collection":[{"href":"https:\/\/www.sanyfontentuhogar.com\/en\/wp-json\/wp\/v2\/product"}],"about":[{"href":"https:\/\/www.sanyfontentuhogar.com\/en\/wp-json\/wp\/v2\/types\/product"}],"replies":[{"embeddable":true,"href":"https:\/\/www.sanyfontentuhogar.com\/en\/wp-json\/wp\/v2\/comments?post=1185"}],"wp:attachment":[{"href":"https:\/\/www.sanyfontentuhogar.com\/en\/wp-json\/wp\/v2\/media?parent=1185"}],"wp:term":[{"taxonomy":"product_brand","embeddable":true,"href":"https:\/\/www.sanyfontentuhogar.com\/en\/wp-json\/wp\/v2\/product_brand?post=1185"},{"taxonomy":"product_cat","embeddable":true,"href":"https:\/\/www.sanyfontentuhogar.com\/en\/wp-json\/wp\/v2\/product_cat?post=1185"},{"taxonomy":"product_tag","embeddable":true,"href":"https:\/\/www.sanyfontentuhogar.com\/en\/wp-json\/wp\/v2\/product_tag?post=1185"}],"curies":[{"name":"wp","href":"https:\/\/api.w.org\/{rel}","templated":true}]}}