{"id":842,"date":"2026-01-19T18:28:32","date_gmt":"2026-01-19T17:28:32","guid":{"rendered":"https:\/\/sanyfontweb.i3data.es\/?page_id=842"},"modified":"2026-02-09T01:38:18","modified_gmt":"2026-02-09T00:38:18","slug":"catalogo","status":"publish","type":"page","link":"https:\/\/www.sanyfontentuhogar.com\/en\/catalogo\/","title":{"rendered":"Catalogo"},"content":{"rendered":"<div data-elementor-type=\"wp-page\" data-elementor-id=\"842\" class=\"elementor elementor-842\" data-elementor-post-type=\"page\">\n\t\t\t\t<div class=\"elementor-element elementor-element-900b5e0 e-con-full e-flex wpr-particle-no wpr-jarallax-no wpr-parallax-no wpr-sticky-section-no e-con e-parent\" data-id=\"900b5e0\" data-element_type=\"container\">\n\t\t\t\t<div class=\"elementor-element elementor-element-c13a355 elementor-widget elementor-widget-html\" data-id=\"c13a355\" data-element_type=\"widget\" data-widget_type=\"html.default\">\n\t\t\t\t<div class=\"elementor-widget-container\">\n\t\t\t\t\t<section class=\"sany-catalogPage\" id=\"catalogo\">\r\n  <!-- HERO \/ CABECERA -->\r\n  <header class=\"sany-catalogHero\">\r\n    <div class=\"sany-catalogHero__inner\">\r\n      <span class=\"sany-pill\">PARA TU HOGAR<\/span>\r\n      <h1 class=\"sany-catalogHero__title\">Cat\u00e1logo para casa<\/h1>\r\n      <p class=\"sany-catalogHero__sub\">\r\n        Encuentra recambios y soluciones para reparaciones, mejoras y peque\u00f1as reformas en ba\u00f1o, cocina y lavadero.\r\n        Si no sabes qu\u00e9 pieza necesitas, te asesoramos de forma clara y sin compromiso.\r\n      <\/p>\r\n\r\n      <div class=\"sany-catalogHero__actions\">\r\n        <a class=\"sany-btn\" href=\"https:\/\/www.sanyfontentuhogar.com\/en\/contacto\/\">Te asesoramos<\/a>\r\n        <a class=\"sany-btnGhost\" href=\"#indice-categorias\">Ver categor\u00edas<\/a>\r\n      <\/div>\r\n    <\/div>\r\n  <\/header>\r\n\t\t\t\t<\/div>\n\t\t\t\t<\/div>\n\t\t\t\t<\/div>\n\t\t<div class=\"elementor-element elementor-element-b28a315 e-flex e-con-boxed wpr-particle-no wpr-jarallax-no wpr-parallax-no wpr-sticky-section-no e-con e-parent\" data-id=\"b28a315\" data-element_type=\"container\">\n\t\t\t\t\t<div class=\"e-con-inner\">\n\t\t\t\t<div class=\"elementor-element elementor-element-166af3d elementor-grid-4 elementor-grid-tablet-3 elementor-grid-mobile-2 elementor-products-grid elementor-wc-products elementor-widget elementor-widget-wc-categories\" data-id=\"166af3d\" data-element_type=\"widget\" data-widget_type=\"wc-categories.default\">\n\t\t\t\t<div class=\"elementor-widget-container\">\n\t\t\t\t\t<div class=\"woocommerce columns-4\"><ul class=\"products elementor-grid columns-4\">\n<li class=\"product-category product first\">\n\t<a aria-label=\"Visit product category Tuber\u00edas y conexiones\" href=\"https:\/\/www.sanyfontentuhogar.com\/en\/product-category\/tuberias-conexiones\/\" data-no-translation-aria-label=\"\"><img fetchpriority=\"high\" decoding=\"async\" src=\"https:\/\/www.sanyfontentuhogar.com\/wp-content\/uploads\/2025\/12\/tuberia.jpg\" alt=\"Tuber\u00edas y conexiones\" width=\"300\" height=\"300\" srcset=\"https:\/\/www.sanyfontentuhogar.com\/wp-content\/uploads\/2025\/12\/tuberia.jpg 225w, https:\/\/www.sanyfontentuhogar.com\/wp-content\/uploads\/2025\/12\/tuberia-100x100.jpg 100w, https:\/\/www.sanyfontentuhogar.com\/wp-content\/uploads\/2025\/12\/tuberia-150x150.jpg 150w\" sizes=\"(max-width: 225px) 100vw, 225px\" \/>\t\t<h2 class=\"woocommerce-loop-category__title\">\n\t\t\tTuber\u00edas y conexiones <mark class=\"count\">(3)<\/mark>\t\t<\/h2>\n\t\t<\/a><\/li>\n<li class=\"product-category product\">\n\t<a aria-label=\"Visit product category Grifer\u00eda para ba\u00f1o y cocina\" href=\"https:\/\/www.sanyfontentuhogar.com\/en\/product-category\/griferia-bano-cocina\/\" data-no-translation-aria-label=\"\"><img decoding=\"async\" src=\"https:\/\/www.sanyfontentuhogar.com\/wp-content\/uploads\/2026\/01\/0251801-300x300.jpg\" alt=\"Grifer\u00eda para ba\u00f1o y cocina\" width=\"300\" height=\"300\" srcset=\"https:\/\/www.sanyfontentuhogar.com\/wp-content\/uploads\/2026\/01\/0251801-300x300.jpg 300w, https:\/\/www.sanyfontentuhogar.com\/wp-content\/uploads\/2026\/01\/0251801-100x100.jpg 100w, https:\/\/www.sanyfontentuhogar.com\/wp-content\/uploads\/2026\/01\/0251801-150x150.jpg 150w\" sizes=\"(max-width: 300px) 100vw, 300px\" \/>\t\t<h2 class=\"woocommerce-loop-category__title\">\n\t\t\tGrifer\u00eda para ba\u00f1o y cocina <mark class=\"count\">(4)<\/mark>\t\t<\/h2>\n\t\t<\/a><\/li>\n<li class=\"product-category product\">\n\t<a aria-label=\"Visit product category Agua caliente y confort\" href=\"https:\/\/www.sanyfontentuhogar.com\/en\/product-category\/agua-caliente-confort\/\" data-no-translation-aria-label=\"\"><img decoding=\"async\" src=\"https:\/\/www.sanyfontentuhogar.com\/wp-content\/uploads\/2025\/12\/termo-300x300.jpg\" alt=\"Agua caliente y confort\" width=\"300\" height=\"300\" srcset=\"https:\/\/www.sanyfontentuhogar.com\/wp-content\/uploads\/2025\/12\/termo-300x300.jpg 300w, https:\/\/www.sanyfontentuhogar.com\/wp-content\/uploads\/2025\/12\/termo-100x100.jpg 100w, https:\/\/www.sanyfontentuhogar.com\/wp-content\/uploads\/2025\/12\/termo-150x150.jpg 150w\" sizes=\"(max-width: 300px) 100vw, 300px\" \/>\t\t<h2 class=\"woocommerce-loop-category__title\">\n\t\t\tAgua caliente y confort <mark class=\"count\">(3)<\/mark>\t\t<\/h2>\n\t\t<\/a><\/li>\n<li class=\"product-category product last\">\n\t<a aria-label=\"Visit product category Sanitarios y recambios\" href=\"https:\/\/www.sanyfontentuhogar.com\/en\/product-category\/sanitarios-recambios\/\" data-no-translation-aria-label=\"\"><img loading=\"lazy\" decoding=\"async\" src=\"https:\/\/www.sanyfontentuhogar.com\/wp-content\/uploads\/2025\/12\/sifon-300x284.jpg\" alt=\"Sanitarios y recambios\" width=\"300\" height=\"300\" \/>\t\t<h2 class=\"woocommerce-loop-category__title\">\n\t\t\tSanitarios y recambios <mark class=\"count\">(7)<\/mark>\t\t<\/h2>\n\t\t<\/a><\/li>\n<\/ul>\n<\/div>\t\t\t\t<\/div>\n\t\t\t\t<\/div>\n\t\t\t\t<div class=\"elementor-element elementor-element-bc18da6 eael-product-list-column-2 elementor-widget elementor-widget-eicon-woocommerce\" data-id=\"bc18da6\" data-element_type=\"widget\" data-widget_type=\"eicon-woocommerce.default\">\n\t\t\t\t<div class=\"elementor-widget-container\">\n\t\t\t\t\t\n        <div class=\"eael-product-grid  list\" id=\"eael-product-grid\" data-widget-id=\"bc18da6\" data-page-id=\"842\" data-nonce=\"875c2c7199\" >\n            <div class=\"woocommerce\">\n                <ul class=\"products eael-post-appender\" data-layout-mode=\"list\" data-ssi-desktop=\"\" data-ssi-tablet=\"\" data-ssi-mobile=\"\"><li class=\"product  eael-product-list-preset-1\">\n    <div class=\"eael-product-wrap\">\n        <div class=\"product-image-wrap\">\n            <div class=\"image-wrap\">\n                <img decoding=\"async\" width=\"225\" height=\"225\" src=\"https:\/\/www.sanyfontentuhogar.com\/wp-content\/uploads\/2025\/12\/tuberia.jpg\" class=\"attachment-medium size-medium\" alt=\"Tuber\u00eda PVC Serie B UNE 1329\" loading=\"eager\" \/>            <\/div>\n        <\/div>\n        <div class=\"product-details-wrap\">\n            <div class=\"eael-product-title\">\n                                <a href=\"https:\/\/www.sanyfontentuhogar.com\/en\/product\/tuberia-pvc-serie-b-une-1329\/\" class=\"woocommerce-LoopProduct-link woocommerce-loop-product__link\"><h2 class=\"woocommerce-loop-product__title\">Tuber\u00eda PVC Serie B UNE 1329<\/h2><\/a><\/div><div class=\"eael-product-price\"><span class=\"woocommerce-Price-amount amount\">4,53&nbsp;<span class=\"woocommerce-Price-currencySymbol\">&euro;<\/span><\/span><\/div><div class=\"eael-star-rating star-rating\"><span style=\"width:0%\" data-no-translation=\"\" data-trp-gettext=\"\">Rated <strong class=\"rating\">0<\/strong> out of 5<\/span><\/div><div class=\"eael-product-excerpt\">\n                <p>Tuber\u00eda de PVC Serie B conforme a norma UNE 1329,...<\/p><\/div>\n            <ul class=\"icons-wrap details-block-style\">\n                                <li class=\"add-to-cart\"><a href=\"\/en\/wp-json\/wp\/v2\/pages\/842?add-to-cart=1190\" aria-describedby=\"woocommerce_loop_add_to_cart_link_describedby_1190\" data-quantity=\"1\" class=\"button product_type_simple add_to_cart_button ajax_add_to_cart\" data-product_id=\"1190\" data-product_sku=\"\" aria-label=\"Add to basket: \u201cTuber\u00eda PVC Serie B UNE 1329\u201d\" rel=\"nofollow\" data-success_message=\"\u201cTuber\u00eda PVC Serie B UNE 1329\u201d has been added to your cart\" role=\"button\" data-no-translation=\"\" data-trp-gettext=\"\" data-no-translation-aria-label=\"\" data-no-translation-data-success_message=\"\">Add to basket<\/a>\t<span id=\"woocommerce_loop_add_to_cart_link_describedby_1190\" class=\"screen-reader-text\">\n\t\t\t<\/span>\n<\/li>\n\n                                                    <li class=\"eael-product-quick-view\">\n                        <a id=\"eael_quick_view_69d605ced7b2f\" data-quickview-setting=\"{&quot;widget_id&quot;:&quot;bc18da6&quot;,&quot;product_id&quot;:1190,&quot;page_id&quot;:842}\"\n                            class=\"eael-product-grid-open-popup open-popup-link\">\n                            <i class=\"fas fa-eye\"><\/i>\n                        <\/a>\n                    <\/li>\n                            <\/ul>\n                    <\/div>\n    <\/div>\n<\/li><li class=\"product  eael-product-list-preset-1\">\n    <div class=\"eael-product-wrap\">\n        <div class=\"product-image-wrap\">\n            <div class=\"image-wrap\">\n                <img decoding=\"async\" width=\"225\" height=\"225\" src=\"https:\/\/www.sanyfontentuhogar.com\/wp-content\/uploads\/2026\/02\/0594015.jpg\" class=\"attachment-medium size-medium\" alt=\"Tubo flexible PVC gris \u00d840 (1,5 m)\" loading=\"eager\" \/>            <\/div>\n        <\/div>\n        <div class=\"product-details-wrap\">\n            <div class=\"eael-product-title\">\n                                <a href=\"https:\/\/www.sanyfontentuhogar.com\/en\/product\/tubo-flexible-pvc-gris-o40-15-m\/\" class=\"woocommerce-LoopProduct-link woocommerce-loop-product__link\"><h2 class=\"woocommerce-loop-product__title\">Tubo flexible PVC gris \u00d840 (1,5 m)<\/h2><\/a><\/div><div class=\"eael-product-price\"><span class=\"woocommerce-Price-amount amount\">2,31&nbsp;<span class=\"woocommerce-Price-currencySymbol\">&euro;<\/span><\/span><\/div><div class=\"eael-star-rating star-rating\"><span style=\"width:0%\" data-no-translation=\"\" data-trp-gettext=\"\">Rated <strong class=\"rating\">0<\/strong> out of 5<\/span><\/div><div class=\"eael-product-excerpt\">\n                <p>Tubo flexible de PVC gris de 40 mm en barra...<\/p><\/div>\n            <ul class=\"icons-wrap details-block-style\">\n                                <li class=\"add-to-cart\"><a href=\"\/en\/wp-json\/wp\/v2\/pages\/842?add-to-cart=1189\" aria-describedby=\"woocommerce_loop_add_to_cart_link_describedby_1189\" data-quantity=\"1\" class=\"button product_type_simple add_to_cart_button ajax_add_to_cart\" data-product_id=\"1189\" data-product_sku=\"\" aria-label=\"Add to basket: \u201cTubo flexible PVC gris \u00d840 (1,5 m)\u201d\" rel=\"nofollow\" data-success_message=\"\u201cTubo flexible PVC gris \u00d840 (1,5 m)\u201d has been added to your cart\" role=\"button\" data-no-translation=\"\" data-trp-gettext=\"\" data-no-translation-aria-label=\"\" data-no-translation-data-success_message=\"\">Add to basket<\/a>\t<span id=\"woocommerce_loop_add_to_cart_link_describedby_1189\" class=\"screen-reader-text\">\n\t\t\t<\/span>\n<\/li>\n\n                                                    <li class=\"eael-product-quick-view\">\n                        <a id=\"eael_quick_view_69d605ced8f26\" data-quickview-setting=\"{&quot;widget_id&quot;:&quot;bc18da6&quot;,&quot;product_id&quot;:1189,&quot;page_id&quot;:842}\"\n                            class=\"eael-product-grid-open-popup open-popup-link\">\n                            <i class=\"fas fa-eye\"><\/i>\n                        <\/a>\n                    <\/li>\n                            <\/ul>\n                    <\/div>\n    <\/div>\n<\/li><li class=\"product  eael-product-list-preset-1\">\n    <div class=\"eael-product-wrap\">\n        <div class=\"product-image-wrap\">\n            <div class=\"image-wrap\">\n                <img decoding=\"async\" width=\"300\" height=\"300\" src=\"https:\/\/www.sanyfontentuhogar.com\/wp-content\/uploads\/woocommerce-placeholder-300x300.webp\" class=\"woocommerce-placeholder wp-post-image\" alt=\"Placeholder\" loading=\"eager\" data-no-translation-alt=\"\" \/>            <\/div>\n        <\/div>\n        <div class=\"product-details-wrap\">\n            <div class=\"eael-product-title\">\n                                <a href=\"https:\/\/www.sanyfontentuhogar.com\/en\/product\/codo-pvc-h-h-doble-toma-87\/\" class=\"woocommerce-LoopProduct-link woocommerce-loop-product__link\"><h2 class=\"woocommerce-loop-product__title\">Codo PVC H-H doble toma 87\u00b0<\/h2><\/a><\/div><div class=\"eael-product-price\"><span class=\"woocommerce-Price-amount amount\">4,87&nbsp;<span class=\"woocommerce-Price-currencySymbol\">&euro;<\/span><\/span><\/div><div class=\"eael-star-rating star-rating\"><span style=\"width:0%\" data-no-translation=\"\" data-trp-gettext=\"\">Rated <strong class=\"rating\">0<\/strong> out of 5<\/span><\/div><div class=\"eael-product-excerpt\">\n                <p>Codo de PVC H-H con doble toma y \u00e1ngulo de...<\/p><\/div>\n            <ul class=\"icons-wrap details-block-style\">\n                                <li class=\"add-to-cart\"><a href=\"\/en\/wp-json\/wp\/v2\/pages\/842?add-to-cart=1185\" aria-describedby=\"woocommerce_loop_add_to_cart_link_describedby_1185\" data-quantity=\"1\" class=\"button product_type_simple add_to_cart_button ajax_add_to_cart\" data-product_id=\"1185\" data-product_sku=\"\" aria-label=\"Add to basket: \u201cCodo PVC H-H doble toma 87\u00b0\u201d\" rel=\"nofollow\" data-success_message=\"\u201cCodo PVC H-H doble toma 87\u00b0\u201d has been added to your cart\" role=\"button\" data-no-translation=\"\" data-trp-gettext=\"\" data-no-translation-aria-label=\"\" data-no-translation-data-success_message=\"\">Add to basket<\/a>\t<span id=\"woocommerce_loop_add_to_cart_link_describedby_1185\" class=\"screen-reader-text\">\n\t\t\t<\/span>\n<\/li>\n\n                                                    <li class=\"eael-product-quick-view\">\n                        <a id=\"eael_quick_view_69d605ceda2ff\" data-quickview-setting=\"{&quot;widget_id&quot;:&quot;bc18da6&quot;,&quot;product_id&quot;:1185,&quot;page_id&quot;:842}\"\n                            class=\"eael-product-grid-open-popup open-popup-link\">\n                            <i class=\"fas fa-eye\"><\/i>\n                        <\/a>\n                    <\/li>\n                            <\/ul>\n                    <\/div>\n    <\/div>\n<\/li><li class=\"product  eael-product-list-preset-1\">\n    <div class=\"eael-product-wrap\">\n        <div class=\"product-image-wrap\">\n            <div class=\"image-wrap\">\n                <img decoding=\"async\" width=\"225\" height=\"225\" src=\"https:\/\/www.sanyfontentuhogar.com\/wp-content\/uploads\/2026\/02\/020NP100.jpg\" class=\"attachment-medium size-medium\" alt=\"Nofer Plano Biposicional 100 L NP\" loading=\"eager\" \/>            <\/div>\n        <\/div>\n        <div class=\"product-details-wrap\">\n            <div class=\"eael-product-title\">\n                                <a href=\"https:\/\/www.sanyfontentuhogar.com\/en\/product\/nofer-plano-biposicional-100-l-np\/\" class=\"woocommerce-LoopProduct-link woocommerce-loop-product__link\"><h2 class=\"woocommerce-loop-product__title\">Nofer Plano Biposicional 100 L NP<\/h2><\/a><\/div><div class=\"eael-product-price\"><span class=\"woocommerce-Price-amount amount\">239,21&nbsp;<span class=\"woocommerce-Price-currencySymbol\">&euro;<\/span><\/span><\/div><div class=\"eael-star-rating star-rating\"><span style=\"width:0%\" data-no-translation=\"\" data-trp-gettext=\"\">Rated <strong class=\"rating\">0<\/strong> out of 5<\/span><\/div><div class=\"eael-product-excerpt\">\n                <p>Termo el\u00e9ctrico Nofer plano biposicional de 100 litros, dise\u00f1ado para...<\/p><\/div>\n            <ul class=\"icons-wrap details-block-style\">\n                                <li class=\"add-to-cart\"><a href=\"\/en\/wp-json\/wp\/v2\/pages\/842?add-to-cart=1182\" aria-describedby=\"woocommerce_loop_add_to_cart_link_describedby_1182\" data-quantity=\"1\" class=\"button product_type_simple add_to_cart_button ajax_add_to_cart\" data-product_id=\"1182\" data-product_sku=\"\" aria-label=\"Add to basket: \u201cNofer Plano Biposicional 100 L NP\u201d\" rel=\"nofollow\" data-success_message=\"\u201cNofer Plano Biposicional 100 L NP\u201d has been added to your cart\" role=\"button\" data-no-translation=\"\" data-trp-gettext=\"\" data-no-translation-aria-label=\"\" data-no-translation-data-success_message=\"\">Add to basket<\/a>\t<span id=\"woocommerce_loop_add_to_cart_link_describedby_1182\" class=\"screen-reader-text\">\n\t\t\t<\/span>\n<\/li>\n\n                                                    <li class=\"eael-product-quick-view\">\n                        <a id=\"eael_quick_view_69d605cedb9e9\" data-quickview-setting=\"{&quot;widget_id&quot;:&quot;bc18da6&quot;,&quot;product_id&quot;:1182,&quot;page_id&quot;:842}\"\n                            class=\"eael-product-grid-open-popup open-popup-link\">\n                            <i class=\"fas fa-eye\"><\/i>\n                        <\/a>\n                    <\/li>\n                            <\/ul>\n                    <\/div>\n    <\/div>\n<\/li><\/ul>            <div class=\"eael-load-more-button-wrap eael-force-hide\">\n                <button class=\"eael-load-more-button\" id=\"eael-load-more-btn-bc18da6\" data-widget-id=\"bc18da6\" data-widget=\"bc18da6\" data-page-id=\"842\" data-template=\"{&quot;dir&quot;:&quot;lite&quot;,&quot;file_name&quot;:&quot;list-preset-1.php&quot;,&quot;name&quot;:&quot;Eicon-Woocommerce&quot;}\" data-class=\"Essential_Addons_Elementor\\Elements\\Product_Grid\" data-layout=\"list\" data-page=\"1\" data-args=\"post_type=product&amp;post_status%5B0%5D=publish&amp;post_status%5B1%5D=pending&amp;post_status%5B2%5D=future&amp;posts_per_page=4&amp;order=desc&amp;offset=0&amp;tax_query%5Brelation%5D=AND&amp;tax_query%5B0%5D%5Btaxonomy%5D=product_visibility&amp;tax_query%5B0%5D%5Bfield%5D=name&amp;tax_query%5B0%5D%5Bterms%5D%5B0%5D=exclude-from-search&amp;tax_query%5B0%5D%5Bterms%5D%5B1%5D=exclude-from-catalog&amp;tax_query%5B0%5D%5Boperator%5D=NOT+IN&amp;orderby=date&amp;meta_query%5Brelation%5D=AND&amp;total_post=17\" data-max-page=\"5\">\n                    <span class=\"eael-btn-loader button__loader\"><\/span>\n                    <span class=\"eael_load_more_text\"><\/span>\n                <\/button>\n            <\/div>\n                        <\/div>\n        <\/div>\n\n        <script type=\"text\/javascript\">\n            jQuery(document).ready(function($) {\n                var $scope = jQuery(\".elementor-element-bc18da6\");\n                var $products = $('.products', $scope);\n                var $layout_mode = $products.data('layout-mode');\n                \n                if ( $layout_mode === 'masonry' ) {\n                    \/\/ init isotope\n                    var $isotope_products = $products.isotope({\n                        itemSelector: \"li.product\",\n                        layoutMode: $layout_mode,\n                        percentPosition: true\n                    });\n\n                    $isotope_products.imagesLoaded().progress( function() {\n                        $isotope_products.isotope('layout');\n                    })\n                    \n                }\n            });\n        <\/script>\n        \t\t\t\t<\/div>\n\t\t\t\t<\/div>\n\t\t\t\t\t<\/div>\n\t\t\t\t<\/div>\n\t\t\t\t<\/div>","protected":false},"excerpt":{"rendered":"<p>PARA TU HOGAR Cat\u00e1logo para casa Encuentra recambios y soluciones para reparaciones, mejoras y peque\u00f1as reformas en ba\u00f1o, cocina y lavadero. Si no sabes qu\u00e9 pieza necesitas, te asesoramos de forma clara y sin compromiso. Te asesoramos Ver categor\u00edas Tuber\u00eda PVC Serie B UNE 1329 4,53&nbsp;&euro;Valorado con 0 de 5 Tuber\u00eda de PVC Serie B conforme a norma UNE 1329,&#8230; A\u00f1adir al carrito Tubo flexible PVC gris \u00d840 (1,5 m) 2,31&nbsp;&euro;Valorado con 0 de 5 Tubo flexible de PVC gris de 40 mm en barra&#8230; A\u00f1adir al carrito Codo PVC H-H doble toma 87\u00b0 4,87&nbsp;&euro;Valorado con 0 de 5 Codo de PVC H-H con doble toma y \u00e1ngulo de&#8230; A\u00f1adir al carrito Nofer Plano Biposicional 100 L NP 239,21&nbsp;&euro;Valorado con 0 de 5 Termo el\u00e9ctrico Nofer plano biposicional de 100 litros, dise\u00f1ado para&#8230; A\u00f1adir al carrito<\/p>","protected":false},"author":2,"featured_media":0,"parent":0,"menu_order":0,"comment_status":"closed","ping_status":"closed","template":"","meta":{"footnotes":""},"class_list":["post-842","page","type-page","status-publish","hentry"],"_links":{"self":[{"href":"https:\/\/www.sanyfontentuhogar.com\/en\/wp-json\/wp\/v2\/pages\/842","targetHints":{"allow":["GET"]}}],"collection":[{"href":"https:\/\/www.sanyfontentuhogar.com\/en\/wp-json\/wp\/v2\/pages"}],"about":[{"href":"https:\/\/www.sanyfontentuhogar.com\/en\/wp-json\/wp\/v2\/types\/page"}],"author":[{"embeddable":true,"href":"https:\/\/www.sanyfontentuhogar.com\/en\/wp-json\/wp\/v2\/users\/2"}],"replies":[{"embeddable":true,"href":"https:\/\/www.sanyfontentuhogar.com\/en\/wp-json\/wp\/v2\/comments?post=842"}],"version-history":[{"count":22,"href":"https:\/\/www.sanyfontentuhogar.com\/en\/wp-json\/wp\/v2\/pages\/842\/revisions"}],"predecessor-version":[{"id":1193,"href":"https:\/\/www.sanyfontentuhogar.com\/en\/wp-json\/wp\/v2\/pages\/842\/revisions\/1193"}],"wp:attachment":[{"href":"https:\/\/www.sanyfontentuhogar.com\/en\/wp-json\/wp\/v2\/media?parent=842"}],"curies":[{"name":"wp","href":"https:\/\/api.w.org\/{rel}","templated":true}]}}