{"id":233,"date":"2025-04-16T09:54:55","date_gmt":"2025-04-16T07:54:55","guid":{"rendered":"https:\/\/sermanten.i3data.es\/?page_id=233"},"modified":"2026-02-06T21:19:08","modified_gmt":"2026-02-06T20:19:08","slug":"politica-cookies","status":"publish","type":"page","link":"https:\/\/www.sanyfontentuhogar.com\/en\/politica-cookies\/","title":{"rendered":"pol\u00edtica de cookies"},"content":{"rendered":"<div data-elementor-type=\"wp-page\" data-elementor-id=\"233\" class=\"elementor elementor-233\" data-elementor-post-type=\"page\">\n\t\t\t\t<div class=\"elementor-element elementor-element-1a390a8 e-con-full e-flex wpr-particle-no wpr-jarallax-no wpr-parallax-no wpr-sticky-section-no e-con e-parent\" data-id=\"1a390a8\" data-element_type=\"container\">\n\t\t\t\t<div class=\"elementor-element elementor-element-737b63b elementor-widget elementor-widget-html\" data-id=\"737b63b\" data-element_type=\"widget\" data-widget_type=\"html.default\">\n\t\t\t\t<div class=\"elementor-widget-container\">\n\t\t\t\t\t<section class=\"sany-cookies\">\r\n\r\n  <header class=\"sany-cookies__hero\">\r\n    <span class=\"sany-cookies__kicker\">INFORMACI\u00d3N LEGAL<\/span>\r\n    <h1>Pol\u00edtica de cookies<\/h1>\r\n    <p class=\"sany-cookies__date\">\r\n      \u00daltima actualizaci\u00f3n: 27 de Enero de 2026\r\n    <\/p>\r\n  <\/header>\r\n\r\n  <div class=\"sany-cookies__content\">\r\n\r\n    <h2>1. Introducci\u00f3n<\/h2>\r\n    <p>\r\n      Nuestra web, <strong>https:\/\/www.sanyfontentuhogar.com<\/strong> (en adelante, \u201cla web\u201d),\r\n      utiliza cookies y tecnolog\u00edas similares para garantizar el correcto\r\n      funcionamiento del sitio, mejorar la experiencia del usuario y analizar el\r\n      uso que se hace de la misma.\r\n    <\/p>\r\n    <p>\r\n      Esta pol\u00edtica se aplica a los ciudadanos y residentes legales permanentes del\r\n      Espacio Econ\u00f3mico Europeo y Suiza.\r\n    <\/p>\r\n\r\n    <h2>2. \u00bfQu\u00e9 son las cookies?<\/h2>\r\n    <p>\r\n      Una cookie es un peque\u00f1o archivo que se env\u00eda junto con las p\u00e1ginas de esta web\r\n      y que tu navegador almacena en el disco duro de tu ordenador u otro dispositivo.\r\n      La informaci\u00f3n almacenada puede ser devuelta a nuestros servidores o a los de\r\n      terceros autorizados durante visitas posteriores.\r\n    <\/p>\r\n\r\n    <h2>3. \u00bfQu\u00e9 son los scripts?<\/h2>\r\n    <p>\r\n      Un script es un fragmento de c\u00f3digo de programa que se utiliza para que nuestra\r\n      web funcione correctamente y de forma interactiva. Este c\u00f3digo se ejecuta en\r\n      nuestro servidor o en tu dispositivo.\r\n    <\/p>\r\n\r\n    <h2>4. \u00bfQu\u00e9 es una baliza web?<\/h2>\r\n    <p>\r\n      Una baliza web (o etiqueta de p\u00edxel) es una peque\u00f1a e invisible pieza de texto o\r\n      imagen en una web que se utiliza para monitorizar el tr\u00e1fico. Para ello, se\r\n      almacenan determinados datos del usuario.\r\n    <\/p>\r\n\r\n    <h2>5. Tipos de cookies<\/h2>\r\n\r\n    <h3>5.1 Cookies t\u00e9cnicas o funcionales<\/h3>\r\n    <p>\r\n      Estas cookies aseguran que ciertas partes de la web funcionen correctamente y\r\n      que tus preferencias de usuario se recuerden. Estas cookies pueden instalarse\r\n      sin tu consentimiento.\r\n    <\/p>\r\n\r\n    <h3>5.2 Cookies de estad\u00edsticas<\/h3>\r\n    <p>\r\n      Utilizamos cookies estad\u00edsticas para comprender c\u00f3mo interact\u00faan los usuarios\r\n      con la web y as\u00ed mejorar su funcionamiento. Estas cookies requieren tu\r\n      consentimiento.\r\n    <\/p>\r\n\r\n    <h3>5.3 Cookies de marketing o seguimiento<\/h3>\r\n    <p>\r\n      Estas cookies se utilizan para crear perfiles de usuario y mostrar publicidad\r\n      relevante o realizar el seguimiento del usuario con fines de marketing.\r\n    <\/p>\r\n\r\n    <h2>6. Cookies utilizadas<\/h2>\r\n    <ul class=\"sany-cookies__list\">\r\n      <li><strong>WooCommerce<\/strong> \u2013 Funcional<\/li>\r\n      <li><strong>WordPress<\/strong> \u2013 Funcional<\/li>\r\n      <li><strong>Sourcebuster JS<\/strong> \u2013 Estad\u00edsticas<\/li>\r\n      <li><strong>Elementor<\/strong> \u2013 Estad\u00edsticas (an\u00f3nimas)<\/li>\r\n      <li><strong>Intercom Messenger<\/strong> \u2013 Funcional \/ Marketing<\/li>\r\n      <li><strong>Google Fonts<\/strong> \u2013 Prop\u00f3sito pendiente de investigaci\u00f3n<\/li>\r\n      <li><strong>Google reCAPTCHA<\/strong> \u2013 Prop\u00f3sito pendiente de investigaci\u00f3n<\/li>\r\n      <li><strong>Google Maps<\/strong> \u2013 Prop\u00f3sito pendiente de investigaci\u00f3n<\/li>\r\n      <li><strong>Varios<\/strong> \u2013 Prop\u00f3sito pendiente de investigaci\u00f3n<\/li>\r\n    <\/ul>\r\n\r\n    <h2>7. Consentimiento<\/h2>\r\n    <p>\r\n      Cuando visitas nuestra web por primera vez, te mostramos una ventana emergente\r\n      donde puedes aceptar, rechazar o configurar el uso de cookies. Al guardar tus\r\n      preferencias aceptas el uso de las categor\u00edas seleccionadas.\r\n    <\/p>\r\n\r\n    <h2>8. Activaci\u00f3n, desactivaci\u00f3n y eliminaci\u00f3n de cookies<\/h2>\r\n    <p>\r\n      Puedes configurar tu navegador para eliminar o bloquear las cookies de forma\r\n      autom\u00e1tica o manual. Ten en cuenta que, si desactivas todas las cookies, es\r\n      posible que la web no funcione correctamente.\r\n    <\/p>\r\n\r\n    <h2>9. Derechos del usuario<\/h2>\r\n    <ul class=\"sany-cookies__rights\">\r\n      <li>Derecho de acceso a tus datos personales<\/li>\r\n      <li>Derecho de rectificaci\u00f3n o supresi\u00f3n<\/li>\r\n      <li>Derecho a retirar tu consentimiento<\/li>\r\n      <li>Derecho a la portabilidad de los datos<\/li>\r\n      <li>Derecho de oposici\u00f3n al tratamiento<\/li>\r\n    <\/ul>\r\n\r\n    <h2>10. Datos de contacto<\/h2>\r\n    <div class=\"sany-cookies__contact\">\r\n      <p><strong>Sanyfont Suministros de Fontaner\u00eda, S.L.<\/strong><\/p>\r\n      <p>Pol\u00edgono Industrial Santa Cruz, Nave 5-10<\/p>\r\n      <p>11407 \u2013 Jerez de la Frontera, C\u00e1diz (Espa\u00f1a)<\/p>\r\n      <p>Email: <a href=\"mailto:sanyfont@gmail.com\">sanyfont@gmail.com<\/a><\/p>\r\n      <p>Web: <a href=\"https:\/\/www.sanyfontentuhogar.com\/en\/\">www.sanyfontentuhogar.com<\/a><\/p>\r\n    <\/div>\r\n\r\n  <\/div>\r\n\r\n<\/section>\r\n\t\t\t\t<\/div>\n\t\t\t\t<\/div>\n\t\t\t\t<\/div>\n\t\t\t\t<\/div>","protected":false},"excerpt":{"rendered":"<p>INFORMACI\u00d3N LEGAL Pol\u00edtica de cookies \u00daltima actualizaci\u00f3n: 27 de Enero de 2026 1. Introducci\u00f3n Nuestra web, https:\/\/www.sanyfontentuhogar.com (en adelante, \u201cla web\u201d), utiliza cookies y tecnolog\u00edas similares para garantizar el correcto funcionamiento del sitio, mejorar la experiencia del usuario y analizar el uso que se hace de la misma. Esta pol\u00edtica se aplica a los ciudadanos y residentes legales permanentes del Espacio Econ\u00f3mico Europeo y Suiza. 2. \u00bfQu\u00e9 son las cookies? Una cookie es un peque\u00f1o archivo que se env\u00eda junto con las p\u00e1ginas de esta web y que tu navegador almacena en el disco duro de tu ordenador u otro dispositivo. La informaci\u00f3n almacenada puede ser devuelta a nuestros servidores o a los de terceros autorizados durante visitas posteriores. 3. \u00bfQu\u00e9 son los scripts? Un script es un fragmento de c\u00f3digo de programa que se utiliza para que nuestra web funcione correctamente y de forma interactiva. Este c\u00f3digo se ejecuta en nuestro servidor o en tu dispositivo. 4. \u00bfQu\u00e9 es una baliza web? Una baliza web (o etiqueta de p\u00edxel) es una peque\u00f1a e invisible pieza de texto o imagen en una web que se utiliza para monitorizar el tr\u00e1fico. Para ello, se almacenan determinados datos del usuario. 5. Tipos de cookies 5.1 Cookies t\u00e9cnicas o funcionales Estas cookies aseguran que ciertas partes de la web funcionen correctamente y que tus preferencias de usuario se recuerden. Estas cookies pueden instalarse sin tu consentimiento. 5.2 Cookies de estad\u00edsticas Utilizamos cookies estad\u00edsticas para comprender c\u00f3mo interact\u00faan los usuarios con la web y as\u00ed mejorar su funcionamiento. Estas cookies requieren tu consentimiento. 5.3 Cookies de marketing o seguimiento Estas cookies se utilizan para crear perfiles de usuario y mostrar publicidad relevante o realizar el seguimiento del usuario con fines de marketing. 6. Cookies utilizadas WooCommerce \u2013 Funcional WordPress \u2013 Funcional Sourcebuster JS \u2013 Estad\u00edsticas Elementor \u2013 Estad\u00edsticas (an\u00f3nimas) Intercom Messenger \u2013 Funcional \/ Marketing Google Fonts \u2013 Prop\u00f3sito pendiente de investigaci\u00f3n Google reCAPTCHA \u2013 Prop\u00f3sito pendiente de investigaci\u00f3n Google Maps \u2013 Prop\u00f3sito pendiente de investigaci\u00f3n Varios \u2013 Prop\u00f3sito pendiente de investigaci\u00f3n 7. Consentimiento Cuando visitas nuestra web por primera vez, te mostramos una ventana emergente donde puedes aceptar, rechazar o configurar el uso de cookies. Al guardar tus preferencias aceptas el uso de las categor\u00edas seleccionadas. 8. Activaci\u00f3n, desactivaci\u00f3n y eliminaci\u00f3n de cookies Puedes configurar tu navegador para eliminar o bloquear las cookies de forma autom\u00e1tica o manual. Ten en cuenta que, si desactivas todas las cookies, es posible que la web no funcione correctamente. 9. Derechos del usuario Derecho de acceso a tus datos personales Derecho de rectificaci\u00f3n o supresi\u00f3n Derecho a retirar tu consentimiento Derecho a la portabilidad de los datos Derecho de oposici\u00f3n al tratamiento 10. Datos de contacto Sanyfont Suministros de Fontaner\u00eda, S.L. Pol\u00edgono Industrial Santa Cruz, Nave 5-10 11407 \u2013 Jerez de la Frontera, C\u00e1diz (Espa\u00f1a) Email: sanyfont@gmail.com Web: www.sanyfontentuhogar.com<\/p>","protected":false},"author":2,"featured_media":0,"parent":0,"menu_order":0,"comment_status":"closed","ping_status":"closed","template":"","meta":{"footnotes":""},"class_list":["post-233","page","type-page","status-publish","hentry"],"_links":{"self":[{"href":"https:\/\/www.sanyfontentuhogar.com\/en\/wp-json\/wp\/v2\/pages\/233","targetHints":{"allow":["GET"]}}],"collection":[{"href":"https:\/\/www.sanyfontentuhogar.com\/en\/wp-json\/wp\/v2\/pages"}],"about":[{"href":"https:\/\/www.sanyfontentuhogar.com\/en\/wp-json\/wp\/v2\/types\/page"}],"author":[{"embeddable":true,"href":"https:\/\/www.sanyfontentuhogar.com\/en\/wp-json\/wp\/v2\/users\/2"}],"replies":[{"embeddable":true,"href":"https:\/\/www.sanyfontentuhogar.com\/en\/wp-json\/wp\/v2\/comments?post=233"}],"version-history":[{"count":14,"href":"https:\/\/www.sanyfontentuhogar.com\/en\/wp-json\/wp\/v2\/pages\/233\/revisions"}],"predecessor-version":[{"id":1137,"href":"https:\/\/www.sanyfontentuhogar.com\/en\/wp-json\/wp\/v2\/pages\/233\/revisions\/1137"}],"wp:attachment":[{"href":"https:\/\/www.sanyfontentuhogar.com\/en\/wp-json\/wp\/v2\/media?parent=233"}],"curies":[{"name":"wp","href":"https:\/\/api.w.org\/{rel}","templated":true}]}}