{"id":1049,"date":"2026-02-02T21:27:13","date_gmt":"2026-02-02T20:27:13","guid":{"rendered":"https:\/\/sanyfontweb.i3data.es\/?page_id=1049"},"modified":"2026-02-02T21:32:47","modified_gmt":"2026-02-02T20:32:47","slug":"blog","status":"publish","type":"page","link":"https:\/\/www.sanyfontentuhogar.com\/en\/blog\/","title":{"rendered":"Blog"},"content":{"rendered":"<div data-elementor-type=\"wp-page\" data-elementor-id=\"1049\" class=\"elementor elementor-1049\" data-elementor-post-type=\"page\">\n\t\t\t\t<div class=\"elementor-element elementor-element-f70344b e-flex e-con-boxed wpr-particle-no wpr-jarallax-no wpr-parallax-no wpr-sticky-section-no e-con e-parent\" data-id=\"f70344b\" data-element_type=\"container\">\n\t\t\t\t\t<div class=\"e-con-inner\">\n\t\t\t\t<div class=\"elementor-element elementor-element-4b85a32 elementor-widget elementor-widget-heading\" data-id=\"4b85a32\" data-element_type=\"widget\" data-widget_type=\"heading.default\">\n\t\t\t\t<div class=\"elementor-widget-container\">\n\t\t\t\t\t<h1 class=\"elementor-heading-title elementor-size-default\">Blog<\/h1>\t\t\t\t<\/div>\n\t\t\t\t<\/div>\n\t\t\t\t<div class=\"elementor-element elementor-element-78f6b5a elementor-grid-eael-col-3 elementor-grid-tablet-eael-col-2 elementor-grid-mobile-eael-col-1 elementor-widget elementor-widget-eael-post-grid\" data-id=\"78f6b5a\" data-element_type=\"widget\" data-settings=\"{&quot;eael_post_grid_columns&quot;:&quot;eael-col-3&quot;,&quot;eael_post_grid_columns_tablet&quot;:&quot;eael-col-2&quot;,&quot;eael_post_grid_columns_mobile&quot;:&quot;eael-col-1&quot;}\" data-widget_type=\"eael-post-grid.default\">\n\t\t\t\t<div class=\"elementor-widget-container\">\n\t\t\t\t\t<div id=\"eael-post-grid-78f6b5a\" class=\"eael-post-grid-container\">\n            <div class=\"eael-post-grid eael-post-appender eael-post-appender-78f6b5a eael-post-grid-style-one\" data-layout-mode=\"masonry\"><article class=\"eael-grid-post eael-post-grid-column\" data-id=\"1055\">\n        <div class=\"eael-grid-post-holder\">\n            <div class=\"eael-grid-post-holder-inner\"><div class=\"eael-entry-media\"><div class=\"eael-entry-overlay fade-in\"><i class=\"fas fa-long-arrow-alt-right\" aria-hidden=\"true\"><\/i><a href=\"https:\/\/www.sanyfontentuhogar.com\/en\/como-elegir-la-griferia-ideal-para-tu-cocina-o-bano\/\"><\/a><\/div><div class=\"eael-entry-thumbnail\">\n                <img fetchpriority=\"high\" decoding=\"async\" width=\"300\" height=\"200\" src=\"https:\/\/www.sanyfontentuhogar.com\/wp-content\/uploads\/2026\/02\/tap-hot-water-yellow-white-300x200.jpg\" class=\"attachment-medium size-medium wp-image-1079\" alt=\"\" srcset=\"https:\/\/www.sanyfontentuhogar.com\/wp-content\/uploads\/2026\/02\/tap-hot-water-yellow-white-300x200.jpg 300w, https:\/\/www.sanyfontentuhogar.com\/wp-content\/uploads\/2026\/02\/tap-hot-water-yellow-white-1024x683.jpg 1024w, https:\/\/www.sanyfontentuhogar.com\/wp-content\/uploads\/2026\/02\/tap-hot-water-yellow-white-768x512.jpg 768w, https:\/\/www.sanyfontentuhogar.com\/wp-content\/uploads\/2026\/02\/tap-hot-water-yellow-white-1536x1025.jpg 1536w, https:\/\/www.sanyfontentuhogar.com\/wp-content\/uploads\/2026\/02\/tap-hot-water-yellow-white-600x400.jpg 600w\" sizes=\"(max-width: 300px) 100vw, 300px\" \/>\n            <\/div>\n        <\/div><div class=\"eael-entry-wrapper\"><header class=\"eael-entry-header\"><h2 class=\"eael-entry-title\"><a class=\"eael-grid-post-link\" href=\"https:\/\/www.sanyfontentuhogar.com\/en\/como-elegir-la-griferia-ideal-para-tu-cocina-o-bano\/\" title=\"C\u00f3mo elegir la grifer\u00eda ideal para tu cocina o ba\u00f1o\">C\u00f3mo elegir la grifer\u00eda ideal para tu cocina o ba\u00f1o<\/a><\/h2><\/header><div class=\"eael-entry-content\">\n                        <div class=\"eael-grid-post-excerpt\"><p>Elegir la grifer\u00eda adecuada es una decisi\u00f3n clave tanto en cocinas como en ba\u00f1os. No solo influye en el dise\u00f1o...<\/p><a href=\"https:\/\/www.sanyfontentuhogar.com\/en\/como-elegir-la-griferia-ideal-para-tu-cocina-o-bano\/\" class=\"eael-post-elements-readmore-btn\">Leer m\u00e1s<\/a><\/div>\n                    <\/div><div class=\"eael-entry-footer\"><div class=\"eael-author-avatar\"><a href=\"https:\/\/www.sanyfontentuhogar.com\/en\/author\/adolfo\/\"><img alt='Adolfo' src='https:\/\/secure.gravatar.com\/avatar\/47a58af2ffdec0a6387d60de251c18c4a556d0efd4d886746f5c36723d20ffbb?s=96&#038;d=mm&#038;r=g' srcset='https:\/\/secure.gravatar.com\/avatar\/47a58af2ffdec0a6387d60de251c18c4a556d0efd4d886746f5c36723d20ffbb?s=192&#038;d=mm&#038;r=g 2x' class='avatar avatar-96 photo' height='96' width='96' \/><\/a><\/div><div class=\"eael-entry-meta\"><span class=\"eael-posted-by\"><a href=\"https:\/\/www.sanyfontentuhogar.com\/en\/author\/adolfo\/\" title=\"Posts by Adolfo\" rel=\"author\">Adolfo<\/a><\/span><span class=\"eael-posted-on\"><time datetime=\"2 de February de 2026\">2 de February de 2026<\/time><\/span><\/div><\/div><\/div><\/div>\n        <\/div>\n    <\/article><article class=\"eael-grid-post eael-post-grid-column\" data-id=\"1057\">\n        <div class=\"eael-grid-post-holder\">\n            <div class=\"eael-grid-post-holder-inner\"><div class=\"eael-entry-media\"><div class=\"eael-entry-overlay fade-in\"><i class=\"fas fa-long-arrow-alt-right\" aria-hidden=\"true\"><\/i><a href=\"https:\/\/www.sanyfontentuhogar.com\/en\/errores-frecuentes-en-fontaneria-domestica-y-como-evitarlos\/\"><\/a><\/div><div class=\"eael-entry-thumbnail\">\n                <img decoding=\"async\" width=\"300\" height=\"200\" src=\"https:\/\/www.sanyfontentuhogar.com\/wp-content\/uploads\/2026\/02\/plumbing-repair-service-300x200.jpg\" class=\"attachment-medium size-medium wp-image-1070\" alt=\"\" srcset=\"https:\/\/www.sanyfontentuhogar.com\/wp-content\/uploads\/2026\/02\/plumbing-repair-service-300x200.jpg 300w, https:\/\/www.sanyfontentuhogar.com\/wp-content\/uploads\/2026\/02\/plumbing-repair-service-1024x683.jpg 1024w, https:\/\/www.sanyfontentuhogar.com\/wp-content\/uploads\/2026\/02\/plumbing-repair-service-768x512.jpg 768w, https:\/\/www.sanyfontentuhogar.com\/wp-content\/uploads\/2026\/02\/plumbing-repair-service-1536x1024.jpg 1536w, https:\/\/www.sanyfontentuhogar.com\/wp-content\/uploads\/2026\/02\/plumbing-repair-service-2048x1365.jpg 2048w, https:\/\/www.sanyfontentuhogar.com\/wp-content\/uploads\/2026\/02\/plumbing-repair-service-600x400.jpg 600w\" sizes=\"(max-width: 300px) 100vw, 300px\" \/>\n            <\/div>\n        <\/div><div class=\"eael-entry-wrapper\"><header class=\"eael-entry-header\"><h2 class=\"eael-entry-title\"><a class=\"eael-grid-post-link\" href=\"https:\/\/www.sanyfontentuhogar.com\/en\/errores-frecuentes-en-fontaneria-domestica-y-como-evitarlos\/\" title=\"Consejos b\u00e1sicos para el mantenimiento de instalaciones de fontaner\u00eda\">Consejos b\u00e1sicos para el mantenimiento de instalaciones de fontaner\u00eda<\/a><\/h2><\/header><div class=\"eael-entry-content\">\n                        <div class=\"eael-grid-post-excerpt\"><p>Un mantenimiento adecuado ayuda a prevenir aver\u00edas, fugas y gastos innecesarios. Con h\u00e1bitos sencillos puedes alargar la vida \u00fatil de...<\/p><a href=\"https:\/\/www.sanyfontentuhogar.com\/en\/errores-frecuentes-en-fontaneria-domestica-y-como-evitarlos\/\" class=\"eael-post-elements-readmore-btn\">Leer m\u00e1s<\/a><\/div>\n                    <\/div><div class=\"eael-entry-footer\"><div class=\"eael-author-avatar\"><a href=\"https:\/\/www.sanyfontentuhogar.com\/en\/author\/adolfo\/\"><img alt='Adolfo' src='https:\/\/secure.gravatar.com\/avatar\/47a58af2ffdec0a6387d60de251c18c4a556d0efd4d886746f5c36723d20ffbb?s=96&#038;d=mm&#038;r=g' srcset='https:\/\/secure.gravatar.com\/avatar\/47a58af2ffdec0a6387d60de251c18c4a556d0efd4d886746f5c36723d20ffbb?s=192&#038;d=mm&#038;r=g 2x' class='avatar avatar-96 photo' height='96' width='96' \/><\/a><\/div><div class=\"eael-entry-meta\"><span class=\"eael-posted-by\"><a href=\"https:\/\/www.sanyfontentuhogar.com\/en\/author\/adolfo\/\" title=\"Posts by Adolfo\" rel=\"author\">Adolfo<\/a><\/span><span class=\"eael-posted-on\"><time datetime=\"24 de January de 2026\">24 de January de 2026<\/time><\/span><\/div><\/div><\/div><\/div>\n        <\/div>\n    <\/article><article class=\"eael-grid-post eael-post-grid-column\" data-id=\"1059\">\n        <div class=\"eael-grid-post-holder\">\n            <div class=\"eael-grid-post-holder-inner\"><div class=\"eael-entry-media\"><div class=\"eael-entry-overlay fade-in\"><i class=\"fas fa-long-arrow-alt-right\" aria-hidden=\"true\"><\/i><a href=\"https:\/\/www.sanyfontentuhogar.com\/en\/mantenimiento-basico-de-griferia-para-evitar-fugas\/\"><\/a><\/div><div class=\"eael-entry-thumbnail\">\n                <img decoding=\"async\" width=\"300\" height=\"194\" src=\"https:\/\/www.sanyfontentuhogar.com\/wp-content\/uploads\/2026\/02\/black-faucet-with-steel-sink-stylish-modern-kitchen-300x194.jpg\" class=\"attachment-medium size-medium wp-image-1084\" alt=\"\" srcset=\"https:\/\/www.sanyfontentuhogar.com\/wp-content\/uploads\/2026\/02\/black-faucet-with-steel-sink-stylish-modern-kitchen-300x194.jpg 300w, https:\/\/www.sanyfontentuhogar.com\/wp-content\/uploads\/2026\/02\/black-faucet-with-steel-sink-stylish-modern-kitchen-1024x664.jpg 1024w, https:\/\/www.sanyfontentuhogar.com\/wp-content\/uploads\/2026\/02\/black-faucet-with-steel-sink-stylish-modern-kitchen-768x498.jpg 768w, https:\/\/www.sanyfontentuhogar.com\/wp-content\/uploads\/2026\/02\/black-faucet-with-steel-sink-stylish-modern-kitchen-1536x996.jpg 1536w, https:\/\/www.sanyfontentuhogar.com\/wp-content\/uploads\/2026\/02\/black-faucet-with-steel-sink-stylish-modern-kitchen-2048x1328.jpg 2048w, https:\/\/www.sanyfontentuhogar.com\/wp-content\/uploads\/2026\/02\/black-faucet-with-steel-sink-stylish-modern-kitchen-600x389.jpg 600w\" sizes=\"(max-width: 300px) 100vw, 300px\" \/>\n            <\/div>\n        <\/div><div class=\"eael-entry-wrapper\"><header class=\"eael-entry-header\"><h2 class=\"eael-entry-title\"><a class=\"eael-grid-post-link\" href=\"https:\/\/www.sanyfontentuhogar.com\/en\/mantenimiento-basico-de-griferia-para-evitar-fugas\/\" title=\"Tendencias actuales en productos de fontaner\u00eda y ba\u00f1o\">Tendencias actuales en productos de fontaner\u00eda y ba\u00f1o<\/a><\/h2><\/header><div class=\"eael-entry-content\">\n                        <div class=\"eael-grid-post-excerpt\"><p>El sector de la fontaner\u00eda evoluciona con nuevos dise\u00f1os, materiales y soluciones m\u00e1s eficientes. Conocer las tendencias te ayuda a...<\/p><a href=\"https:\/\/www.sanyfontentuhogar.com\/en\/mantenimiento-basico-de-griferia-para-evitar-fugas\/\" class=\"eael-post-elements-readmore-btn\">Leer m\u00e1s<\/a><\/div>\n                    <\/div><div class=\"eael-entry-footer\"><div class=\"eael-author-avatar\"><a href=\"https:\/\/www.sanyfontentuhogar.com\/en\/author\/adolfo\/\"><img alt='Adolfo' src='https:\/\/secure.gravatar.com\/avatar\/47a58af2ffdec0a6387d60de251c18c4a556d0efd4d886746f5c36723d20ffbb?s=96&#038;d=mm&#038;r=g' srcset='https:\/\/secure.gravatar.com\/avatar\/47a58af2ffdec0a6387d60de251c18c4a556d0efd4d886746f5c36723d20ffbb?s=192&#038;d=mm&#038;r=g 2x' class='avatar avatar-96 photo' height='96' width='96' \/><\/a><\/div><div class=\"eael-entry-meta\"><span class=\"eael-posted-by\"><a href=\"https:\/\/www.sanyfontentuhogar.com\/en\/author\/adolfo\/\" title=\"Posts by Adolfo\" rel=\"author\">Adolfo<\/a><\/span><span class=\"eael-posted-on\"><time datetime=\"18 de January de 2026\">18 de January de 2026<\/time><\/span><\/div><\/div><\/div><\/div>\n        <\/div>\n    <\/article><\/div>\n            <div class=\"clearfix\"><\/div>\n        <\/div>\t\t\t\t<\/div>\n\t\t\t\t<\/div>\n\t\t\t\t\t<\/div>\n\t\t\t\t<\/div>\n\t\t\t\t<\/div>","protected":false},"excerpt":{"rendered":"<p>Blog \u00a1Hola, mundo! Te damos la bienvenida a WordPress. Esta es tu primera entrada. Ed\u00edtala o b\u00f3rrala, \u00a1luego empieza a escribir! Leer m\u00e1s Angel24 de marzo de 2025<\/p>","protected":false},"author":2,"featured_media":0,"parent":0,"menu_order":0,"comment_status":"closed","ping_status":"closed","template":"","meta":{"footnotes":""},"class_list":["post-1049","page","type-page","status-publish","hentry"],"_links":{"self":[{"href":"https:\/\/www.sanyfontentuhogar.com\/en\/wp-json\/wp\/v2\/pages\/1049","targetHints":{"allow":["GET"]}}],"collection":[{"href":"https:\/\/www.sanyfontentuhogar.com\/en\/wp-json\/wp\/v2\/pages"}],"about":[{"href":"https:\/\/www.sanyfontentuhogar.com\/en\/wp-json\/wp\/v2\/types\/page"}],"author":[{"embeddable":true,"href":"https:\/\/www.sanyfontentuhogar.com\/en\/wp-json\/wp\/v2\/users\/2"}],"replies":[{"embeddable":true,"href":"https:\/\/www.sanyfontentuhogar.com\/en\/wp-json\/wp\/v2\/comments?post=1049"}],"version-history":[{"count":4,"href":"https:\/\/www.sanyfontentuhogar.com\/en\/wp-json\/wp\/v2\/pages\/1049\/revisions"}],"predecessor-version":[{"id":1053,"href":"https:\/\/www.sanyfontentuhogar.com\/en\/wp-json\/wp\/v2\/pages\/1049\/revisions\/1053"}],"wp:attachment":[{"href":"https:\/\/www.sanyfontentuhogar.com\/en\/wp-json\/wp\/v2\/media?parent=1049"}],"curies":[{"name":"wp","href":"https:\/\/api.w.org\/{rel}","templated":true}]}}